{"id":14,"date":"2024-08-04T16:50:27","date_gmt":"2024-08-04T14:50:27","guid":{"rendered":"http:\/\/www.sognidoro.info\/?page_id=14"},"modified":"2024-12-05T01:55:05","modified_gmt":"2024-12-05T00:55:05","slug":"appartamento2","status":"publish","type":"page","link":"https:\/\/www.sognidoro.info\/index.php\/appartamento2\/","title":{"rendered":"MONOLOCALE"},"content":{"rendered":"<p>[et_pb_section fb_built=&#8221;1&#8243; custom_padding_last_edited=&#8221;on|tablet&#8221; _builder_version=&#8221;4.16&#8243; _module_preset=&#8221;default&#8221; background_color=&#8221;#ffffff&#8221; custom_margin=&#8221;0px||0px||false|false&#8221; custom_padding=&#8221;120px||150px||false|false&#8221; custom_padding_tablet=&#8221;330px||120px||false|false&#8221; custom_padding_phone=&#8221;300px||90px||false|false&#8221; locked=&#8221;off&#8221; global_colors_info=&#8221;{}&#8221;][et_pb_row column_structure=&#8221;1_2,1_2&#8243; use_custom_gutter=&#8221;on&#8221; gutter_width=&#8221;1&#8243; make_equal=&#8221;on&#8221; _builder_version=&#8221;4.16&#8243; _module_preset=&#8221;default&#8221; width=&#8221;90%&#8221; max_width=&#8221;1290px&#8221; custom_margin=&#8221;0px||0px||false|false&#8221; custom_padding=&#8221;0px||0px||false|false&#8221; custom_css_before=&#8221;content:%22%22;||position: absolute;||    width: 140px;||    height: 140px;||    left: -100px;||    top: -100px;||    border: 30px solid #FFFFFF;||    border-radius: 50%;&#8221; global_colors_info=&#8221;{}&#8221; custom_css_before_last_edited=&#8221;on|tablet&#8221; custom_css_before_tablet=&#8221;display:none;&#8221; custom_css_before_phone=&#8221;display:none;&#8221;][et_pb_column type=&#8221;1_2&#8243; _builder_version=&#8221;4.23.1&#8243; _module_preset=&#8221;default&#8221; global_colors_info=&#8221;{}&#8221;][et_pb_image src=&#8221;https:\/\/www.makstudio.it\/wp-content\/uploads\/2024\/05\/DSC_4151.jpg&#8221; title_text=&#8221;DSC_4151&#8243; _builder_version=&#8221;4.16&#8243; _module_preset=&#8221;cd3915f2-5014-44fa-bdf4-9cd9aa341f81&#8243; animation=&#8221;fade_in&#8221; global_colors_info=&#8221;{}&#8221;][\/et_pb_image][\/et_pb_column][et_pb_column type=&#8221;1_2&#8243; _builder_version=&#8221;4.23.1&#8243; _module_preset=&#8221;default&#8221; custom_padding=&#8221;|||42px|false|false&#8221; custom_padding_tablet=&#8221;80px|||0px|false|false&#8221; custom_padding_phone=&#8221;55px||||false|false&#8221; custom_padding_last_edited=&#8221;on|tablet&#8221; custom_css_main_element=&#8221;margin:auto;&#8221; global_colors_info=&#8221;{}&#8221;][et_pb_text _builder_version=&#8221;4.22.2&#8243; _module_preset=&#8221;default&#8221; header_4_font=&#8221;Plus Jakarta Sans|600||on|||||&#8221; header_4_text_align=&#8221;left&#8221; header_4_text_color=&#8221;#c77a63&#8243; header_4_font_size=&#8221;15px&#8221; header_4_letter_spacing=&#8221;3px&#8221; header_4_line_height=&#8221;1.2em&#8221; custom_margin=&#8221;0px||5px||false|false&#8221; custom_padding=&#8221;0px||0px||false|false&#8221; global_colors_info=&#8221;{}&#8221;]<\/p>\n<h4>la conchiglia nel lido<\/h4>\n<p>[\/et_pb_text][et_pb_text _builder_version=&#8221;4.23.1&#8243; _module_preset=&#8221;default&#8221; header_2_font=&#8221;Libre Bodoni||||||||&#8221; header_2_text_align=&#8221;left&#8221; header_2_text_color=&#8221;#2b2d42&#8243; header_2_font_size=&#8221;50px&#8221; header_2_line_height=&#8221;1.2em&#8221; max_width=&#8221;530px&#8221; max_width_tablet=&#8221;100%&#8221; max_width_phone=&#8221;100%&#8221; max_width_last_edited=&#8221;on|tablet&#8221; custom_margin=&#8221;0px||5px||false|false&#8221; custom_padding=&#8221;0px||0px||false|false&#8221; header_2_font_size_tablet=&#8221;50px&#8221; header_2_font_size_phone=&#8221;30px&#8221; header_2_font_size_last_edited=&#8221;on|phone&#8221; global_colors_info=&#8221;{}&#8221;]<\/p>\n<h2>Il Monolocale<\/h2>\n<p>[\/et_pb_text][et_pb_text _builder_version=&#8221;4.23.1&#8243; _module_preset=&#8221;default&#8221; text_font=&#8221;Plus Jakarta Sans||||||||&#8221; text_text_color=&#8221;#6e6e6e&#8221; text_line_height=&#8221;1.9em&#8221; custom_margin=&#8221;0px||35px||false|false&#8221; custom_padding=&#8221;0px||0px||false|false&#8221; global_colors_info=&#8221;{}&#8221;]<\/p>\n<p><strong>Il monolocale offre un ingresso indipendente e comprende un unico ambiente che funge da zona giorno e notte. \u00c8 dotato di un letto matrimoniale, con la possibilit\u00e0 di richiedere due lettini separati. L&#8217;angolo cottura \u00e8 attrezzato con frigorifero e TV. L&#8217;appartamento \u00e8 climatizzato per assicurare il comfort degli ospiti. La struttura pu\u00f2 ospitare un massimo di 2 persone. Si noti che non \u00e8 disponibile la connessione Wi-Fi e non \u00e8 presente una zona fumatori.<\/strong><\/p>\n<p>[\/et_pb_text][et_pb_button button_url=&#8221;tel:3474863870&#8243; button_text=&#8221;PRENOTA ORA&#8221; button_alignment=&#8221;center&#8221; _builder_version=&#8221;4.22.2&#8243; _module_preset=&#8221;default&#8221; custom_button=&#8221;on&#8221; button_text_size=&#8221;15px&#8221; button_text_color=&#8221;#FFFFFF&#8221; button_bg_color=&#8221;#c77a63&#8243; button_border_radius=&#8221;0px&#8221; button_letter_spacing=&#8221;1px&#8221; button_font=&#8221;|600||on|||||&#8221; button_use_icon=&#8221;off&#8221; custom_margin=&#8221;0px||0px||false|false&#8221; custom_padding=&#8221;17px|35px|17px|35px|false|false&#8221; locked=&#8221;off&#8221; global_colors_info=&#8221;{}&#8221; button_bg_color__hover_enabled=&#8221;on|desktop&#8221; button_bg_color__hover=&#8221;#2c2a49&#8243; button_bg_enable_color__hover=&#8221;on&#8221;][\/et_pb_button][\/et_pb_column][\/et_pb_row][\/et_pb_section][et_pb_section fb_built=&#8221;1&#8243; _builder_version=&#8221;4.16&#8243; _module_preset=&#8221;default&#8221; background_color=&#8221;#ffffff&#8221; custom_padding=&#8221;3px||3px||true|false&#8221; global_colors_info=&#8221;{}&#8221;][et_pb_row use_custom_gutter=&#8221;on&#8221; gutter_width=&#8221;2&#8243; make_equal=&#8221;on&#8221; _builder_version=&#8221;4.16&#8243; _module_preset=&#8221;default&#8221; width=&#8221;90%&#8221; width_tablet=&#8221;90%&#8221; width_phone=&#8221;90%&#8221; width_last_edited=&#8221;on|tablet&#8221; max_width=&#8221;1300px&#8221; max_width_tablet=&#8221;90%&#8221; max_width_phone=&#8221;90%&#8221; max_width_last_edited=&#8221;on|desktop&#8221; custom_padding=&#8221;58px||63px||false|false&#8221; locked=&#8221;off&#8221; global_colors_info=&#8221;{}&#8221;][et_pb_column type=&#8221;4_4&#8243; _builder_version=&#8221;4.16&#8243; _module_preset=&#8221;default&#8221; animation_style=&#8221;fade&#8221; animation_duration=&#8221;1500ms&#8221; animation_delay=&#8221;500ms&#8221; animation_speed_curve=&#8221;ease&#8221; global_colors_info=&#8221;{}&#8221;][et_pb_text _builder_version=&#8221;4.16&#8243; _module_preset=&#8221;default&#8221; header_4_font=&#8221;Plus Jakarta Sans|600||on|||||&#8221; header_4_text_align=&#8221;center&#8221; header_4_text_color=&#8221;#c77a63&#8243; header_4_font_size=&#8221;15px&#8221; header_4_letter_spacing=&#8221;3px&#8221; header_4_line_height=&#8221;1.2em&#8221; custom_margin=&#8221;0px||4px||false|false&#8221; custom_padding=&#8221;0px||0px||false|false&#8221; global_colors_info=&#8221;{}&#8221;]<\/p>\n<h4>SCOPRI ORA<\/h4>\n<p>[\/et_pb_text][et_pb_text _builder_version=&#8221;4.16&#8243; _module_preset=&#8221;default&#8221; header_2_font=&#8221;Libre Bodoni||||||||&#8221; header_2_text_align=&#8221;center&#8221; header_2_text_color=&#8221;#FFFFFF&#8221; header_2_font_size=&#8221;50px&#8221; header_2_line_height=&#8221;1.2em&#8221; module_alignment=&#8221;center&#8221; custom_margin=&#8221;0px||26px||false|false&#8221; custom_padding=&#8221;0px||0px||false|false&#8221; header_2_font_size_tablet=&#8221;50px&#8221; header_2_font_size_phone=&#8221;30px&#8221; header_2_font_size_last_edited=&#8221;on|phone&#8221; global_colors_info=&#8221;{}&#8221;]<\/p>\n<h2><span style=\"color: #000000;\">Gli spazi<\/span><\/h2>\n<p>[\/et_pb_text][\/et_pb_column][\/et_pb_row][et_pb_row column_structure=&#8221;1_3,1_3,1_3&#8243; use_custom_gutter=&#8221;on&#8221; gutter_width=&#8221;1&#8243; make_equal=&#8221;on&#8221; _builder_version=&#8221;4.16&#8243; _module_preset=&#8221;default&#8221; background_color=&#8221;#ffffff&#8221; width=&#8221;100%&#8221; max_width=&#8221;100%&#8221; custom_margin=&#8221;|auto|-8px|auto||&#8221; custom_padding=&#8221;0px||0px||true|false&#8221; border_color_all=&#8221;#1D1D1D&#8221; border_width_right=&#8221;4px&#8221; border_width_left=&#8221;4px&#8221; global_colors_info=&#8221;{}&#8221;][et_pb_column type=&#8221;1_3&#8243; _builder_version=&#8221;4.16&#8243; _module_preset=&#8221;default&#8221; border_color_all=&#8221;#1D1D1D&#8221; global_colors_info=&#8221;{}&#8221;][et_pb_image src=&#8221;https:\/\/www.makstudio.it\/wp-content\/uploads\/2024\/05\/DSC_-2.jpg&#8221; title_text=&#8221;DSC_-2&#8243; show_in_lightbox=&#8221;on&#8221; align=&#8221;center&#8221; _builder_version=&#8221;4.16&#8243; _module_preset=&#8221;cd3915f2-5014-44fa-bdf4-9cd9aa341f81&#8243; animation_style=&#8221;fade&#8221; border_width_all=&#8221;4px&#8221; border_color_all=&#8221;#ffffff&#8221; animation=&#8221;fade_in&#8221; global_colors_info=&#8221;{}&#8221; filter_opacity__hover_enabled=&#8221;on|hover&#8221; filter_opacity__hover=&#8221;64%&#8221;][\/et_pb_image][\/et_pb_column][et_pb_column type=&#8221;1_3&#8243; _builder_version=&#8221;4.16&#8243; _module_preset=&#8221;default&#8221; border_color_all=&#8221;#1D1D1D&#8221; global_colors_info=&#8221;{}&#8221;][et_pb_image src=&#8221;http:\/\/www.sognidoro.info\/wp-content\/uploads\/2024\/08\/DSC_4118.jpg&#8221; title_text=&#8221;DSC_4118&#8243; show_in_lightbox=&#8221;on&#8221; align=&#8221;center&#8221; _builder_version=&#8221;4.16&#8243; _module_preset=&#8221;cd3915f2-5014-44fa-bdf4-9cd9aa341f81&#8243; animation_style=&#8221;fade&#8221; border_width_all=&#8221;4px&#8221; border_color_all=&#8221;#ffffff&#8221; animation=&#8221;fade_in&#8221; global_colors_info=&#8221;{}&#8221; filter_opacity__hover_enabled=&#8221;on|hover&#8221; filter_opacity__hover=&#8221;64%&#8221;][\/et_pb_image][\/et_pb_column][et_pb_column type=&#8221;1_3&#8243; _builder_version=&#8221;4.16&#8243; _module_preset=&#8221;default&#8221; border_color_all=&#8221;#1D1D1D&#8221; global_colors_info=&#8221;{}&#8221;][et_pb_image src=&#8221;http:\/\/www.sognidoro.info\/wp-content\/uploads\/2024\/08\/DSC_4120.jpg&#8221; title_text=&#8221;DSC_4120&#8243; show_in_lightbox=&#8221;on&#8221; align=&#8221;center&#8221; _builder_version=&#8221;4.16&#8243; _module_preset=&#8221;cd3915f2-5014-44fa-bdf4-9cd9aa341f81&#8243; animation_style=&#8221;fade&#8221; border_width_all=&#8221;4px&#8221; border_color_all=&#8221;#ffffff&#8221; animation=&#8221;fade_in&#8221; global_colors_info=&#8221;{}&#8221; filter_opacity__hover_enabled=&#8221;on|hover&#8221; filter_opacity__hover=&#8221;64%&#8221;][\/et_pb_image][\/et_pb_column][\/et_pb_row][et_pb_row column_structure=&#8221;1_3,1_3,1_3&#8243; use_custom_gutter=&#8221;on&#8221; gutter_width=&#8221;1&#8243; make_equal=&#8221;on&#8221; _builder_version=&#8221;4.16&#8243; _module_preset=&#8221;default&#8221; background_color=&#8221;#ffffff&#8221; width=&#8221;100%&#8221; max_width=&#8221;100%&#8221; custom_margin=&#8221;|auto|-8px|auto||&#8221; custom_padding=&#8221;0px||0px||true|false&#8221; border_color_all=&#8221;#1D1D1D&#8221; border_width_right=&#8221;4px&#8221; border_width_left=&#8221;4px&#8221; global_colors_info=&#8221;{}&#8221;][et_pb_column type=&#8221;1_3&#8243; _builder_version=&#8221;4.16&#8243; _module_preset=&#8221;default&#8221; border_color_all=&#8221;#1D1D1D&#8221; global_colors_info=&#8221;{}&#8221;][et_pb_image src=&#8221;http:\/\/www.sognidoro.info\/wp-content\/uploads\/2024\/08\/DSC_4126.jpg&#8221; title_text=&#8221;DSC_4126&#8243; show_in_lightbox=&#8221;on&#8221; align=&#8221;center&#8221; _builder_version=&#8221;4.16&#8243; _module_preset=&#8221;cd3915f2-5014-44fa-bdf4-9cd9aa341f81&#8243; animation_style=&#8221;fade&#8221; border_width_all=&#8221;4px&#8221; border_color_all=&#8221;#ffffff&#8221; animation=&#8221;fade_in&#8221; global_colors_info=&#8221;{}&#8221; filter_opacity__hover_enabled=&#8221;on|hover&#8221; filter_opacity__hover=&#8221;64%&#8221;][\/et_pb_image][et_pb_image src=&#8221;http:\/\/www.sognidoro.info\/wp-content\/uploads\/2024\/08\/SNY05592.jpg&#8221; title_text=&#8221;SNY05592&#8243; show_in_lightbox=&#8221;on&#8221; align=&#8221;center&#8221; _builder_version=&#8221;4.16&#8243; _module_preset=&#8221;cd3915f2-5014-44fa-bdf4-9cd9aa341f81&#8243; animation_style=&#8221;fade&#8221; border_width_all=&#8221;4px&#8221; border_color_all=&#8221;#ffffff&#8221; animation=&#8221;fade_in&#8221; global_colors_info=&#8221;{}&#8221; filter_opacity__hover_enabled=&#8221;on|hover&#8221; filter_opacity__hover=&#8221;64%&#8221;][\/et_pb_image][et_pb_image src=&#8221;http:\/\/www.sognidoro.info\/wp-content\/uploads\/2024\/08\/DSC_4135.jpg&#8221; title_text=&#8221;DSC_4135&#8243; show_in_lightbox=&#8221;on&#8221; align=&#8221;center&#8221; _builder_version=&#8221;4.16&#8243; _module_preset=&#8221;cd3915f2-5014-44fa-bdf4-9cd9aa341f81&#8243; animation_style=&#8221;fade&#8221; border_width_all=&#8221;4px&#8221; border_color_all=&#8221;#ffffff&#8221; animation=&#8221;fade_in&#8221; global_colors_info=&#8221;{}&#8221; filter_opacity__hover_enabled=&#8221;on|hover&#8221; filter_opacity__hover=&#8221;64%&#8221;][\/et_pb_image][\/et_pb_column][et_pb_column type=&#8221;1_3&#8243; _builder_version=&#8221;4.16&#8243; _module_preset=&#8221;default&#8221; border_color_all=&#8221;#1D1D1D&#8221; global_colors_info=&#8221;{}&#8221;][et_pb_image src=&#8221;http:\/\/www.sognidoro.info\/wp-content\/uploads\/2024\/08\/DSC_4129.jpg&#8221; title_text=&#8221;DSC_4129&#8243; show_in_lightbox=&#8221;on&#8221; align=&#8221;center&#8221; _builder_version=&#8221;4.16&#8243; _module_preset=&#8221;cd3915f2-5014-44fa-bdf4-9cd9aa341f81&#8243; animation_style=&#8221;fade&#8221; border_width_all=&#8221;4px&#8221; border_color_all=&#8221;#ffffff&#8221; animation=&#8221;fade_in&#8221; global_colors_info=&#8221;{}&#8221; filter_opacity__hover_enabled=&#8221;on|hover&#8221; filter_opacity__hover=&#8221;64%&#8221;][\/et_pb_image][et_pb_image src=&#8221;http:\/\/www.sognidoro.info\/wp-content\/uploads\/2024\/08\/SNY05597.jpg&#8221; title_text=&#8221;SNY05597&#8243; show_in_lightbox=&#8221;on&#8221; align=&#8221;center&#8221; _builder_version=&#8221;4.16&#8243; _module_preset=&#8221;cd3915f2-5014-44fa-bdf4-9cd9aa341f81&#8243; animation_style=&#8221;fade&#8221; border_width_all=&#8221;4px&#8221; border_color_all=&#8221;#ffffff&#8221; animation=&#8221;fade_in&#8221; global_colors_info=&#8221;{}&#8221; filter_opacity__hover_enabled=&#8221;on|hover&#8221; filter_opacity__hover=&#8221;64%&#8221;][\/et_pb_image][et_pb_image src=&#8221;http:\/\/www.sognidoro.info\/wp-content\/uploads\/2024\/08\/SNY05596.jpg&#8221; title_text=&#8221;SNY05596&#8243; show_in_lightbox=&#8221;on&#8221; align=&#8221;center&#8221; _builder_version=&#8221;4.16&#8243; _module_preset=&#8221;cd3915f2-5014-44fa-bdf4-9cd9aa341f81&#8243; animation_style=&#8221;fade&#8221; border_width_all=&#8221;4px&#8221; border_color_all=&#8221;#ffffff&#8221; animation=&#8221;fade_in&#8221; global_colors_info=&#8221;{}&#8221; filter_opacity__hover_enabled=&#8221;on|hover&#8221; filter_opacity__hover=&#8221;64%&#8221;][\/et_pb_image][\/et_pb_column][et_pb_column type=&#8221;1_3&#8243; _builder_version=&#8221;4.16&#8243; _module_preset=&#8221;default&#8221; border_color_all=&#8221;#1D1D1D&#8221; global_colors_info=&#8221;{}&#8221;][et_pb_image src=&#8221;http:\/\/www.sognidoro.info\/wp-content\/uploads\/2024\/08\/DSC_4152.jpg&#8221; title_text=&#8221;DSC_4152&#8243; show_in_lightbox=&#8221;on&#8221; align=&#8221;center&#8221; _builder_version=&#8221;4.16&#8243; _module_preset=&#8221;cd3915f2-5014-44fa-bdf4-9cd9aa341f81&#8243; animation_style=&#8221;fade&#8221; border_width_all=&#8221;4px&#8221; border_color_all=&#8221;#ffffff&#8221; animation=&#8221;fade_in&#8221; global_colors_info=&#8221;{}&#8221; filter_opacity__hover_enabled=&#8221;on|hover&#8221; filter_opacity__hover=&#8221;64%&#8221;][\/et_pb_image][et_pb_image src=&#8221;http:\/\/www.sognidoro.info\/wp-content\/uploads\/2024\/08\/SNY05591.jpg&#8221; title_text=&#8221;SNY05591&#8243; show_in_lightbox=&#8221;on&#8221; align=&#8221;center&#8221; _builder_version=&#8221;4.16&#8243; _module_preset=&#8221;cd3915f2-5014-44fa-bdf4-9cd9aa341f81&#8243; animation_style=&#8221;fade&#8221; border_width_all=&#8221;4px&#8221; border_color_all=&#8221;#ffffff&#8221; animation=&#8221;fade_in&#8221; global_colors_info=&#8221;{}&#8221; filter_opacity__hover_enabled=&#8221;on|hover&#8221; filter_opacity__hover=&#8221;64%&#8221;][\/et_pb_image][et_pb_image src=&#8221;http:\/\/www.sognidoro.info\/wp-content\/uploads\/2024\/09\/fff.png&#8221; title_text=&#8221;fff&#8221; show_in_lightbox=&#8221;on&#8221; align=&#8221;center&#8221; _builder_version=&#8221;4.22.2&#8243; _module_preset=&#8221;cd3915f2-5014-44fa-bdf4-9cd9aa341f81&#8243; animation_style=&#8221;fade&#8221; border_width_all=&#8221;4px&#8221; border_color_all=&#8221;#ffffff&#8221; animation=&#8221;fade_in&#8221; global_colors_info=&#8221;{}&#8221; filter_opacity__hover_enabled=&#8221;on|hover&#8221; filter_opacity__hover=&#8221;64%&#8221;][\/et_pb_image][et_pb_image src=&#8221;http:\/\/www.sognidoro.info\/wp-content\/uploads\/2024\/08\/SNY05585.jpg&#8221; title_text=&#8221;SNY05585&#8243; show_in_lightbox=&#8221;on&#8221; align=&#8221;center&#8221; _builder_version=&#8221;4.16&#8243; _module_preset=&#8221;cd3915f2-5014-44fa-bdf4-9cd9aa341f81&#8243; animation_style=&#8221;fade&#8221; border_width_all=&#8221;4px&#8221; border_color_all=&#8221;#ffffff&#8221; animation=&#8221;fade_in&#8221; global_colors_info=&#8221;{}&#8221; filter_opacity__hover_enabled=&#8221;on|hover&#8221; filter_opacity__hover=&#8221;64%&#8221;][\/et_pb_image][\/et_pb_column][\/et_pb_row][\/et_pb_section][et_pb_section fb_built=&#8221;1&#8243; fullwidth=&#8221;on&#8221; custom_padding_last_edited=&#8221;on|phone&#8221; _builder_version=&#8221;4.16&#8243; _module_preset=&#8221;default&#8221; custom_padding=&#8221;0px|0px|0px|0px|false|false&#8221; custom_padding_tablet=&#8221;||100px||false|false&#8221; custom_padding_phone=&#8221;||100px||false|false&#8221; top_divider_color=&#8221;#ffffff&#8221; top_divider_flip=&#8221;vertical&#8221; top_divider_style_tablet=&#8221;&#8221; top_divider_style_phone=&#8221;&#8221; top_divider_style_last_edited=&#8221;on|phone&#8221; top_divider_height_tablet=&#8221;&#8221; top_divider_height_phone=&#8221;0px&#8221; top_divider_height_last_edited=&#8221;on|phone&#8221; bottom_divider_color=&#8221;#2C2C2C&#8221; bottom_divider_flip=&#8221;vertical&#8221; locked=&#8221;off&#8221; global_colors_info=&#8221;{}&#8221;][et_pb_fullwidth_code _builder_version=&#8221;4.22.2&#8243; _module_preset=&#8221;default&#8221; custom_padding=&#8221;4px||0px|||&#8221; locked=&#8221;off&#8221; global_colors_info=&#8221;{}&#8221;]<iframe loading=\"lazy\" src=\"https:\/\/www.google.com\/maps\/embed?pb=!1m18!1m12!1m3!1d2903.262212622141!2d13.725712312118011!3d43.308770074518534!2m3!1f0!2f0!3f0!3m2!1i1024!2i768!4f13.1!3m3!1m2!1s0x1332727f506f8a43%3A0x38da7c552e161326!2sVia%20del%20Lido%2C%2066%2C%2062012%20Civitanova%20Marche%20MC!5e0!3m2!1sit!2sit!4v1723431645847!5m2!1sit!2sit\"  width=\"100%\" height=\"600\" frameborder=\"0\" style=\"border:0\" allowfullscreen=\"\"><\/iframe><!-- [et_pb_line_break_holder] -->[\/et_pb_fullwidth_code][\/et_pb_section]<\/p>\n","protected":false},"excerpt":{"rendered":"<p>la conchiglia nel lidoIl MonolocaleIl monolocale offre un ingresso indipendente e comprende un unico ambiente che funge da zona giorno e notte. \u00c8 dotato di un letto matrimoniale, con la possibilit\u00e0 di richiedere due lettini separati. L&#8217;angolo cottura \u00e8 attrezzato con frigorifero e TV. L&#8217;appartamento \u00e8 climatizzato per assicurare il comfort degli ospiti. La struttura [&hellip;]<\/p>\n","protected":false},"author":1,"featured_media":0,"parent":0,"menu_order":0,"comment_status":"closed","ping_status":"closed","template":"","meta":{"_et_pb_use_builder":"on","_et_pb_old_content":"","_et_gb_content_width":"","_joinchat":[],"footnotes":""},"class_list":["post-14","page","type-page","status-publish","hentry"],"_links":{"self":[{"href":"https:\/\/www.sognidoro.info\/index.php\/wp-json\/wp\/v2\/pages\/14"}],"collection":[{"href":"https:\/\/www.sognidoro.info\/index.php\/wp-json\/wp\/v2\/pages"}],"about":[{"href":"https:\/\/www.sognidoro.info\/index.php\/wp-json\/wp\/v2\/types\/page"}],"author":[{"embeddable":true,"href":"https:\/\/www.sognidoro.info\/index.php\/wp-json\/wp\/v2\/users\/1"}],"replies":[{"embeddable":true,"href":"https:\/\/www.sognidoro.info\/index.php\/wp-json\/wp\/v2\/comments?post=14"}],"version-history":[{"count":11,"href":"https:\/\/www.sognidoro.info\/index.php\/wp-json\/wp\/v2\/pages\/14\/revisions"}],"predecessor-version":[{"id":505,"href":"https:\/\/www.sognidoro.info\/index.php\/wp-json\/wp\/v2\/pages\/14\/revisions\/505"}],"wp:attachment":[{"href":"https:\/\/www.sognidoro.info\/index.php\/wp-json\/wp\/v2\/media?parent=14"}],"curies":[{"name":"wp","href":"https:\/\/api.w.org\/{rel}","templated":true}]}}